{"id":3845,"date":"2023-04-29T17:03:55","date_gmt":"2023-04-29T17:03:55","guid":{"rendered":"https:\/\/lovinne.es\/?post_type=product&#038;p=3845"},"modified":"2026-02-15T09:00:55","modified_gmt":"2026-02-15T09:00:55","slug":"lampara-de-diseno-lampara-de-techo-de-madera-iluminacion-ghala-roble-dalton","status":"publish","type":"product","link":"https:\/\/lovinne.es\/index.php\/product\/lampara-de-diseno-lampara-de-techo-de-madera-iluminacion-ghala-roble-dalton\/","title":{"rendered":"L\u00e1mpara colgante de madera Ghala Roble Dalton"},"content":{"rendered":"<table class=\"tg\">\n<thead>\n<tr>\n<td class=\"tg-5gsb\" style=\"text-align: left;\"><span style=\"color: #808080;\">Caracter\u00edsticas<\/span><\/td>\n<td class=\"tg-c6of\" style=\"text-align: left;\"><span style=\"color: #808080;\">Descripci\u00f3n del producto<\/span><\/td>\n<\/tr>\n<\/thead>\n<tbody>\n<tr>\n<td class=\"tg-5gsb\" style=\"vertical-align: top;\" width=\"400px\"><span class=\"fontstyle0\">Material: DM lacada color Roble Dalton<br \/>\nAlto: 300mm<br \/>\nDi\u00e1metro mayor: 230mm<br \/>\nDi\u00e1metro menor: 185mm<br \/>\nCable: Textil El\u00e9ctrico Redondo carb\u00f3n en algod\u00f3n de 150 cm de longitud, color negro. Certificaci\u00f3n IMQ-HAR o UL<br \/>\nPortal\u00e1mparas: Portal\u00e1mparas termopl\u00e1stico rosca E27 color negro\/blanco<br \/>\nFlor\u00f3n: Mini flor\u00f3n met\u00e1lico cil\u00edndrico 1 salida central color negro\/blanco<br \/>\nFuente de energ\u00eda: Bombilla no incluida<br \/>\nUso: Interior<br \/>\nComo limpiarla: con plumero o pa\u00f1o h\u00famedo.<br \/>\nPa\u00eds de fabricaci\u00f3n: Espa\u00f1a.<\/span><\/td>\n<td class=\"tg-c6of\" style=\"vertical-align: top;\">Para idearla utilizamos la t\u00e9cnica de dise\u00f1o param\u00e9trico, sus uniones son solo por encastres, no llevan ning\u00fan tipo de pegamentos..<br \/>\nDe l\u00edneas curvas y tama\u00f1o mediano, nuestra GHALA dota de fluidez y movimiento a cualquiera espacio que se la coloque.<br \/>\nSu forma es sencilla y aporta un dise\u00f1o suave y original que encaja en cualquier estilo de decoraci\u00f3n.<br \/>\nEs ideal para colocarla en conjunto, con m\u00e1s del mismo dise\u00f1o u otro, sobre una mesa extensa, barra de cocina o bar; tambi\u00e9n queda muy elegante sobre las mesitas de noche. Es importante mencionar que una vez se considere el fin de su vida \u00fatil se pueden reciclar. De esta manera se crea una \u201cestrategia de circulaci\u00f3n\u201d del producto: crear con un material sostenible y que a largo plazo se puede reciclar con el fin de crear otro nuevo producto.<\/td>\n<\/tr>\n<\/tbody>\n<\/table>\n","protected":false},"excerpt":{"rendered":"<p>L\u00e1mpara de colgar, montada a mano con madera DM lacada color Roble Dalton.<\/p>\n<p><span style=\"color: #000000;\"><a style=\"color: #000000;\" href=\"#tab-description\"><u>Descripci\u00f3n<\/u><\/a><\/span><\/p>\n","protected":false},"featured_media":3952,"template":"","meta":{"site-sidebar-layout":"default","site-content-layout":"default","ast-main-header-display":"","ast-hfb-above-header-display":"","ast-hfb-below-header-display":"","ast-hfb-mobile-header-display":"","site-post-title":"","ast-breadcrumbs-content":"","ast-featured-img":"","footer-sml-layout":"","theme-transparent-header-meta":"default","adv-header-id-meta":"","stick-header-meta":"","header-above-stick-meta":"","header-main-stick-meta":"","header-below-stick-meta":""},"product_brand":[],"product_cat":[62],"product_tag":[83,84,87,81,82],"class_list":{"0":"post-3845","1":"product","2":"type-product","3":"status-publish","4":"has-post-thumbnail","6":"product_cat-lamparas-suspension","7":"product_tag-iluminacion","8":"product_tag-lampara-de-diseno","9":"product_tag-lampara-de-diseno-de-madera","10":"product_tag-lampara-de-madera","11":"product_tag-lampara-de-techo","13":"first","14":"instock","15":"shipping-taxable","16":"purchasable","17":"product-type-simple","18":"add-to-wishlist-before_image"},"yoast_head":"<!-- This site is optimized with the Yoast SEO plugin v25.5 - https:\/\/yoast.com\/wordpress\/plugins\/seo\/ -->\n<title>L\u00e1mpara colgante de madera Ghala Roble Dalton - Lovinne<\/title>\n<meta name=\"description\" content=\"L\u00e1mparas de dise\u00f1o en madera color Roble. Descubra nuestras l\u00e1mparas colgantes y de mesa. Somos L\u00f8vinne tu marca de referencia en Eco Dise\u00f1o.\" \/>\n<meta name=\"robots\" content=\"index, follow, max-snippet:-1, max-image-preview:large, max-video-preview:-1\" \/>\n<link rel=\"canonical\" href=\"https:\/\/lovinne.es\/index.php\/product\/lampara-de-diseno-lampara-de-techo-de-madera-iluminacion-ghala-roble-dalton\/\" \/>\n<meta property=\"og:locale\" content=\"es_ES\" \/>\n<meta property=\"og:type\" content=\"article\" \/>\n<meta property=\"og:title\" content=\"L\u00e1mpara colgante de madera Ghala Roble Dalton - Lovinne\" \/>\n<meta property=\"og:description\" content=\"L\u00e1mparas de dise\u00f1o en madera color Roble. Descubra nuestras l\u00e1mparas colgantes y de mesa. Somos L\u00f8vinne tu marca de referencia en Eco Dise\u00f1o.\" \/>\n<meta property=\"og:url\" content=\"https:\/\/lovinne.es\/index.php\/product\/lampara-de-diseno-lampara-de-techo-de-madera-iluminacion-ghala-roble-dalton\/\" \/>\n<meta property=\"og:site_name\" content=\"Lovinne\" \/>\n<meta property=\"article:modified_time\" content=\"2026-02-15T09:00:55+00:00\" \/>\n<meta property=\"og:image\" content=\"https:\/\/lovinne.es\/wp-content\/uploads\/2023\/04\/Lovinne_05052023-1685-APAGADA-scaled.jpg\" \/>\n\t<meta property=\"og:image:width\" content=\"2560\" \/>\n\t<meta property=\"og:image:height\" content=\"2560\" \/>\n\t<meta property=\"og:image:type\" content=\"image\/jpeg\" \/>\n<meta name=\"twitter:card\" content=\"summary_large_image\" \/>\n<meta name=\"twitter:label1\" content=\"Tiempo de lectura\" \/>\n\t<meta name=\"twitter:data1\" content=\"2 minutos\" \/>\n<script type=\"application\/ld+json\" class=\"yoast-schema-graph\">{\"@context\":\"https:\/\/schema.org\",\"@graph\":[{\"@type\":\"WebPage\",\"@id\":\"https:\/\/lovinne.es\/index.php\/product\/lampara-de-diseno-lampara-de-techo-de-madera-iluminacion-ghala-roble-dalton\/\",\"url\":\"https:\/\/lovinne.es\/index.php\/product\/lampara-de-diseno-lampara-de-techo-de-madera-iluminacion-ghala-roble-dalton\/\",\"name\":\"L\u00e1mpara colgante de madera Ghala Roble Dalton - Lovinne\",\"isPartOf\":{\"@id\":\"https:\/\/lovinne.es\/#website\"},\"primaryImageOfPage\":{\"@id\":\"https:\/\/lovinne.es\/index.php\/product\/lampara-de-diseno-lampara-de-techo-de-madera-iluminacion-ghala-roble-dalton\/#primaryimage\"},\"image\":{\"@id\":\"https:\/\/lovinne.es\/index.php\/product\/lampara-de-diseno-lampara-de-techo-de-madera-iluminacion-ghala-roble-dalton\/#primaryimage\"},\"thumbnailUrl\":\"https:\/\/lovinne.es\/wp-content\/uploads\/2023\/04\/Lovinne_05052023-1685-APAGADA-scaled.jpg\",\"datePublished\":\"2023-04-29T17:03:55+00:00\",\"dateModified\":\"2026-02-15T09:00:55+00:00\",\"description\":\"L\u00e1mparas de dise\u00f1o en madera color Roble. Descubra nuestras l\u00e1mparas colgantes y de mesa. Somos L\u00f8vinne tu marca de referencia en Eco Dise\u00f1o.\",\"breadcrumb\":{\"@id\":\"https:\/\/lovinne.es\/index.php\/product\/lampara-de-diseno-lampara-de-techo-de-madera-iluminacion-ghala-roble-dalton\/#breadcrumb\"},\"inLanguage\":\"es\",\"potentialAction\":[{\"@type\":\"ReadAction\",\"target\":[\"https:\/\/lovinne.es\/index.php\/product\/lampara-de-diseno-lampara-de-techo-de-madera-iluminacion-ghala-roble-dalton\/\"]}]},{\"@type\":\"ImageObject\",\"inLanguage\":\"es\",\"@id\":\"https:\/\/lovinne.es\/index.php\/product\/lampara-de-diseno-lampara-de-techo-de-madera-iluminacion-ghala-roble-dalton\/#primaryimage\",\"url\":\"https:\/\/lovinne.es\/wp-content\/uploads\/2023\/04\/Lovinne_05052023-1685-APAGADA-scaled.jpg\",\"contentUrl\":\"https:\/\/lovinne.es\/wp-content\/uploads\/2023\/04\/Lovinne_05052023-1685-APAGADA-scaled.jpg\",\"width\":2560,\"height\":2560,\"caption\":\"L\u00e1mpara colgante minimalista de madera en color madera Roble\"},{\"@type\":\"BreadcrumbList\",\"@id\":\"https:\/\/lovinne.es\/index.php\/product\/lampara-de-diseno-lampara-de-techo-de-madera-iluminacion-ghala-roble-dalton\/#breadcrumb\",\"itemListElement\":[{\"@type\":\"ListItem\",\"position\":1,\"name\":\"Portada\",\"item\":\"https:\/\/lovinne.es\/\"},{\"@type\":\"ListItem\",\"position\":2,\"name\":\"Store\",\"item\":\"https:\/\/lovinne.es\/index.php\/store\/\"},{\"@type\":\"ListItem\",\"position\":3,\"name\":\"L\u00e1mpara colgante de madera Ghala Roble Dalton\"}]},{\"@type\":\"WebSite\",\"@id\":\"https:\/\/lovinne.es\/#website\",\"url\":\"https:\/\/lovinne.es\/\",\"name\":\"L\u00f8vinne | L\u00e1mparas de dise\u00f1o\",\"description\":\"L\u00e1mparas de dise\u00f1o\",\"publisher\":{\"@id\":\"https:\/\/lovinne.es\/#\/schema\/person\/89aab74e7ca1f06240e6035161224df0\"},\"potentialAction\":[{\"@type\":\"SearchAction\",\"target\":{\"@type\":\"EntryPoint\",\"urlTemplate\":\"https:\/\/lovinne.es\/?s={search_term_string}\"},\"query-input\":{\"@type\":\"PropertyValueSpecification\",\"valueRequired\":true,\"valueName\":\"search_term_string\"}}],\"inLanguage\":\"es\"},{\"@type\":[\"Person\",\"Organization\"],\"@id\":\"https:\/\/lovinne.es\/#\/schema\/person\/89aab74e7ca1f06240e6035161224df0\",\"name\":\"Nadia Bourlot\",\"image\":{\"@type\":\"ImageObject\",\"inLanguage\":\"es\",\"@id\":\"https:\/\/lovinne.es\/#\/schema\/person\/image\/\",\"url\":\"https:\/\/lovinne.es\/wp-content\/uploads\/2023\/03\/cropped-LOGO.png\",\"contentUrl\":\"https:\/\/lovinne.es\/wp-content\/uploads\/2023\/03\/cropped-LOGO.png\",\"width\":1578,\"height\":314,\"caption\":\"Nadia Bourlot\"},\"logo\":{\"@id\":\"https:\/\/lovinne.es\/#\/schema\/person\/image\/\"}}]}<\/script>\n<!-- \/ Yoast SEO plugin. -->","yoast_head_json":{"title":"L\u00e1mpara colgante de madera Ghala Roble Dalton - Lovinne","description":"L\u00e1mparas de dise\u00f1o en madera color Roble. Descubra nuestras l\u00e1mparas colgantes y de mesa. Somos L\u00f8vinne tu marca de referencia en Eco Dise\u00f1o.","robots":{"index":"index","follow":"follow","max-snippet":"max-snippet:-1","max-image-preview":"max-image-preview:large","max-video-preview":"max-video-preview:-1"},"canonical":"https:\/\/lovinne.es\/index.php\/product\/lampara-de-diseno-lampara-de-techo-de-madera-iluminacion-ghala-roble-dalton\/","og_locale":"es_ES","og_type":"article","og_title":"L\u00e1mpara colgante de madera Ghala Roble Dalton - Lovinne","og_description":"L\u00e1mparas de dise\u00f1o en madera color Roble. Descubra nuestras l\u00e1mparas colgantes y de mesa. Somos L\u00f8vinne tu marca de referencia en Eco Dise\u00f1o.","og_url":"https:\/\/lovinne.es\/index.php\/product\/lampara-de-diseno-lampara-de-techo-de-madera-iluminacion-ghala-roble-dalton\/","og_site_name":"Lovinne","article_modified_time":"2026-02-15T09:00:55+00:00","og_image":[{"width":2560,"height":2560,"url":"https:\/\/lovinne.es\/wp-content\/uploads\/2023\/04\/Lovinne_05052023-1685-APAGADA-scaled.jpg","type":"image\/jpeg"}],"twitter_card":"summary_large_image","twitter_misc":{"Tiempo de lectura":"2 minutos"},"schema":{"@context":"https:\/\/schema.org","@graph":[{"@type":"WebPage","@id":"https:\/\/lovinne.es\/index.php\/product\/lampara-de-diseno-lampara-de-techo-de-madera-iluminacion-ghala-roble-dalton\/","url":"https:\/\/lovinne.es\/index.php\/product\/lampara-de-diseno-lampara-de-techo-de-madera-iluminacion-ghala-roble-dalton\/","name":"L\u00e1mpara colgante de madera Ghala Roble Dalton - Lovinne","isPartOf":{"@id":"https:\/\/lovinne.es\/#website"},"primaryImageOfPage":{"@id":"https:\/\/lovinne.es\/index.php\/product\/lampara-de-diseno-lampara-de-techo-de-madera-iluminacion-ghala-roble-dalton\/#primaryimage"},"image":{"@id":"https:\/\/lovinne.es\/index.php\/product\/lampara-de-diseno-lampara-de-techo-de-madera-iluminacion-ghala-roble-dalton\/#primaryimage"},"thumbnailUrl":"https:\/\/lovinne.es\/wp-content\/uploads\/2023\/04\/Lovinne_05052023-1685-APAGADA-scaled.jpg","datePublished":"2023-04-29T17:03:55+00:00","dateModified":"2026-02-15T09:00:55+00:00","description":"L\u00e1mparas de dise\u00f1o en madera color Roble. Descubra nuestras l\u00e1mparas colgantes y de mesa. Somos L\u00f8vinne tu marca de referencia en Eco Dise\u00f1o.","breadcrumb":{"@id":"https:\/\/lovinne.es\/index.php\/product\/lampara-de-diseno-lampara-de-techo-de-madera-iluminacion-ghala-roble-dalton\/#breadcrumb"},"inLanguage":"es","potentialAction":[{"@type":"ReadAction","target":["https:\/\/lovinne.es\/index.php\/product\/lampara-de-diseno-lampara-de-techo-de-madera-iluminacion-ghala-roble-dalton\/"]}]},{"@type":"ImageObject","inLanguage":"es","@id":"https:\/\/lovinne.es\/index.php\/product\/lampara-de-diseno-lampara-de-techo-de-madera-iluminacion-ghala-roble-dalton\/#primaryimage","url":"https:\/\/lovinne.es\/wp-content\/uploads\/2023\/04\/Lovinne_05052023-1685-APAGADA-scaled.jpg","contentUrl":"https:\/\/lovinne.es\/wp-content\/uploads\/2023\/04\/Lovinne_05052023-1685-APAGADA-scaled.jpg","width":2560,"height":2560,"caption":"L\u00e1mpara colgante minimalista de madera en color madera Roble"},{"@type":"BreadcrumbList","@id":"https:\/\/lovinne.es\/index.php\/product\/lampara-de-diseno-lampara-de-techo-de-madera-iluminacion-ghala-roble-dalton\/#breadcrumb","itemListElement":[{"@type":"ListItem","position":1,"name":"Portada","item":"https:\/\/lovinne.es\/"},{"@type":"ListItem","position":2,"name":"Store","item":"https:\/\/lovinne.es\/index.php\/store\/"},{"@type":"ListItem","position":3,"name":"L\u00e1mpara colgante de madera Ghala Roble Dalton"}]},{"@type":"WebSite","@id":"https:\/\/lovinne.es\/#website","url":"https:\/\/lovinne.es\/","name":"L\u00f8vinne | L\u00e1mparas de dise\u00f1o","description":"L\u00e1mparas de dise\u00f1o","publisher":{"@id":"https:\/\/lovinne.es\/#\/schema\/person\/89aab74e7ca1f06240e6035161224df0"},"potentialAction":[{"@type":"SearchAction","target":{"@type":"EntryPoint","urlTemplate":"https:\/\/lovinne.es\/?s={search_term_string}"},"query-input":{"@type":"PropertyValueSpecification","valueRequired":true,"valueName":"search_term_string"}}],"inLanguage":"es"},{"@type":["Person","Organization"],"@id":"https:\/\/lovinne.es\/#\/schema\/person\/89aab74e7ca1f06240e6035161224df0","name":"Nadia Bourlot","image":{"@type":"ImageObject","inLanguage":"es","@id":"https:\/\/lovinne.es\/#\/schema\/person\/image\/","url":"https:\/\/lovinne.es\/wp-content\/uploads\/2023\/03\/cropped-LOGO.png","contentUrl":"https:\/\/lovinne.es\/wp-content\/uploads\/2023\/03\/cropped-LOGO.png","width":1578,"height":314,"caption":"Nadia Bourlot"},"logo":{"@id":"https:\/\/lovinne.es\/#\/schema\/person\/image\/"}}]}},"_links":{"self":[{"href":"https:\/\/lovinne.es\/index.php\/wp-json\/wp\/v2\/product\/3845","targetHints":{"allow":["GET"]}}],"collection":[{"href":"https:\/\/lovinne.es\/index.php\/wp-json\/wp\/v2\/product"}],"about":[{"href":"https:\/\/lovinne.es\/index.php\/wp-json\/wp\/v2\/types\/product"}],"version-history":[{"count":10,"href":"https:\/\/lovinne.es\/index.php\/wp-json\/wp\/v2\/product\/3845\/revisions"}],"predecessor-version":[{"id":5291,"href":"https:\/\/lovinne.es\/index.php\/wp-json\/wp\/v2\/product\/3845\/revisions\/5291"}],"wp:featuredmedia":[{"embeddable":true,"href":"https:\/\/lovinne.es\/index.php\/wp-json\/wp\/v2\/media\/3952"}],"wp:attachment":[{"href":"https:\/\/lovinne.es\/index.php\/wp-json\/wp\/v2\/media?parent=3845"}],"wp:term":[{"taxonomy":"product_brand","embeddable":true,"href":"https:\/\/lovinne.es\/index.php\/wp-json\/wp\/v2\/product_brand?post=3845"},{"taxonomy":"product_cat","embeddable":true,"href":"https:\/\/lovinne.es\/index.php\/wp-json\/wp\/v2\/product_cat?post=3845"},{"taxonomy":"product_tag","embeddable":true,"href":"https:\/\/lovinne.es\/index.php\/wp-json\/wp\/v2\/product_tag?post=3845"}],"curies":[{"name":"wp","href":"https:\/\/api.w.org\/{rel}","templated":true}]}}