{"id":4643,"date":"2025-03-09T12:31:48","date_gmt":"2025-03-09T12:31:48","guid":{"rendered":"https:\/\/lovinne.es\/?post_type=product&#038;p=4643"},"modified":"2026-02-15T09:14:08","modified_gmt":"2026-02-15T09:14:08","slug":"lampara-mesa-lhao-chic-hexa","status":"publish","type":"product","link":"https:\/\/lovinne.es\/index.php\/product\/lampara-mesa-lhao-chic-hexa\/","title":{"rendered":"L\u00c1MPARA DE MESA LHAO Chic Hexa"},"content":{"rendered":"<table class=\"tg\">\n<thead>\n<tr>\n<td class=\"tg-5gsb\" style=\"text-align: left;\"><span style=\"color: #808080;\">Caracter\u00edsticas<\/span><\/td>\n<td class=\"tg-c6of\" style=\"text-align: left;\"><span style=\"color: #808080;\">Descripci\u00f3n del producto<\/span><\/td>\n<\/tr>\n<\/thead>\n<tbody>\n<tr>\n<td class=\"tg-5gsb\" style=\"vertical-align: top;\" width=\"400px\"><span class=\"fontstyle0\">Material: rPLA biopol\u00edmero derivado biol\u00f3gico de residuos de envases de alimentos reciclados, de acabado mate.<br \/>\nAlto Total tama\u00f1o grande: 450mm<\/span><span class=\"fontstyle0\">Alto <\/span><span style=\"font-size: 16px; font-family: inherit;\">Total tama\u00f1o peque\u00f1o: 300mm<\/span><span class=\"fontstyle0\">Di\u00e1metro mayor tama\u00f1o grande: 350mm\u00a0 <\/span><span class=\"fontstyle0\">Di\u00e1metro mayor tama\u00f1o peque\u00f1o: 230mm<\/span><\/p>\n<p><span class=\"fontstyle0\">Cable: Textil El\u00e9ctrico Redondo carb\u00f3n en algod\u00f3n de 150 cm de longitud, color negro. Certificaci\u00f3n IMQ-HAR o UL<br \/>\nPortal\u00e1mparas: Portal\u00e1mparas termopl\u00e1stico rosca E27 color negro<br \/>\nInterruptor: interruptor de paso bipolar color negro<br \/>\nFuente de energ\u00eda: Bombilla no incluida (muy importante siempre LED)<\/span><br \/>\nUso: interior\/semicubierto<br \/>\nCuidado del producto: Limpiar y lavar con agua fr\u00eda y jab\u00f3n suave. No apto para lavavajillas. No exponer a la luz solar directa<br \/>\nPa\u00eds de fabricaci\u00f3n: Espa\u00f1a.<\/td>\n<td class=\"tg-c6of\" style=\"vertical-align: top;\"><span class=\"relative -mx-px my-[-0.2rem] rounded px-px py-[0.2rem] transition-colors duration-100 ease-in-out\">La <strong data-start=\"3\" data-end=\"21\">LHAO Chic Hexa<\/strong> destaca por su dise\u00f1o geom\u00e9trico contempor\u00e1neo, por su est\u00e9tica hexagonal y minimalista, impresa en <strong data-start=\"82\" data-end=\"107\">PLA reciclado al 100%<\/strong>, aportando estilo sofisticado a escritorios, mesitas y rincones decorativos. Su pantalla dise\u00f1ada mediante patr\u00f3n de malla, provoca que su luz juegue con el ambiente.\u00a0<\/span><\/p>\n<p>Producida con PLA reciclado, esta l\u00e1mpara prioriza la sostenibilidad sin renunciar a la belleza. Ideal para amantes del dise\u00f1o ecol\u00f3gico que buscan reducir residuos. Es Biocompostable.<\/p>\n<p>\u2714 Dise\u00f1o geom\u00e9trico que destaca en cualquier espacio<br data-start=\"1486\" data-end=\"1489\" \/>\u2714 Emisi\u00f3n luminosa c\u00e1lida y suave<br data-start=\"1522\" data-end=\"1525\" \/>\u2714 Perfecta para decoraciones modernas y minimalistas<br data-start=\"1577\" data-end=\"1580\" \/>\u2714 Sostenible y hecha en Barcelona<\/p>\n<p>Su base puede ser tanto de forma hexagonal como de lineas curvas, estilo japandi. *Consultar L\u00e1mpara de sobremesa Lhao Chic japan. <a href=\"https:\/\/lovinne.es\/index.php\/product\/lampara-de-sobremesa-lhao-chic-japan\/\">https:\/\/lovinne.es\/index.php\/product\/lampara-de-sobremesa-lhao-chic-japan\/<\/a><\/p>\n<p>Tenga en cuenta que cualquiera pieza puede tener peque\u00f1as irregularidades en las superficies\/patrones, derivado de la naturaleza de la impresi\u00f3n 3D. No son defectos, es una parte normal del proceso de fabricaci\u00f3n. Cada pieza esta inspeccionada al 100% antes de enviarla.<\/p>\n<p>&nbsp;<\/td>\n<\/tr>\n<\/tbody>\n<\/table>\n","protected":false},"excerpt":{"rendered":"<p>LHAO Chic Hexa \u00b7 L\u00e1mpara de mesa geom\u00e9trica eco<\/p>\n<p><span style=\"color: #000000;\"><a style=\"color: #000000;\" href=\"#tab-description\"><u>Descripci\u00f3n\u00a0<\/u><\/a><\/span><\/p>\n","protected":false},"featured_media":4887,"template":"","meta":{"site-sidebar-layout":"default","site-content-layout":"default","ast-main-header-display":"","ast-hfb-above-header-display":"","ast-hfb-below-header-display":"","ast-hfb-mobile-header-display":"","site-post-title":"","ast-breadcrumbs-content":"","ast-featured-img":"","footer-sml-layout":"","theme-transparent-header-meta":"default","adv-header-id-meta":"","stick-header-meta":"","header-above-stick-meta":"","header-main-stick-meta":"","header-below-stick-meta":""},"product_brand":[],"product_cat":[58],"product_tag":[112,111,109,114,110],"class_list":{"0":"post-4643","1":"product","2":"type-product","3":"status-publish","4":"has-post-thumbnail","6":"product_cat-lamparas-mesa","7":"product_tag-diseno-geometrico","8":"product_tag-eco-decoracion","9":"product_tag-hecha-en-barcelona","10":"product_tag-minimalismo-sostenible","11":"product_tag-pla-reciclado","13":"first","14":"instock","15":"shipping-taxable","16":"purchasable","17":"product-type-simple","18":"add-to-wishlist-before_image"},"yoast_head":"<!-- This site is optimized with the Yoast SEO plugin v25.5 - https:\/\/yoast.com\/wordpress\/plugins\/seo\/ -->\n<title>L\u00c1MPARA DE MESA LHAO Chic Hexa<\/title>\n<meta name=\"description\" content=\"L\u00e1mpara de mesa LHAO Chic Hexa en PLA reciclado. Dise\u00f1o geom\u00e9trico ecol\u00f3gico para escritorios, mesitas y decoraci\u00f3n minimalista.\" \/>\n<meta name=\"robots\" content=\"index, follow, max-snippet:-1, max-image-preview:large, max-video-preview:-1\" \/>\n<link rel=\"canonical\" href=\"https:\/\/lovinne.es\/index.php\/product\/lampara-mesa-lhao-chic-hexa\/\" \/>\n<meta property=\"og:locale\" content=\"es_ES\" \/>\n<meta property=\"og:type\" content=\"article\" \/>\n<meta property=\"og:title\" content=\"L\u00c1MPARA DE MESA LHAO Chic Hexa\" \/>\n<meta property=\"og:description\" content=\"L\u00e1mpara de mesa LHAO Chic Hexa en PLA reciclado. Dise\u00f1o geom\u00e9trico ecol\u00f3gico para escritorios, mesitas y decoraci\u00f3n minimalista.\" \/>\n<meta property=\"og:url\" content=\"https:\/\/lovinne.es\/index.php\/product\/lampara-mesa-lhao-chic-hexa\/\" \/>\n<meta property=\"og:site_name\" content=\"Lovinne\" \/>\n<meta property=\"article:modified_time\" content=\"2026-02-15T09:14:08+00:00\" \/>\n<meta property=\"og:image\" content=\"https:\/\/lovinne.es\/wp-content\/uploads\/2025\/03\/LG200004-scaled.jpg\" \/>\n\t<meta property=\"og:image:width\" content=\"1833\" \/>\n\t<meta property=\"og:image:height\" content=\"2560\" \/>\n\t<meta property=\"og:image:type\" content=\"image\/jpeg\" \/>\n<meta name=\"twitter:card\" content=\"summary_large_image\" \/>\n<meta name=\"twitter:label1\" content=\"Tiempo de lectura\" \/>\n\t<meta name=\"twitter:data1\" content=\"2 minutos\" \/>\n<script type=\"application\/ld+json\" class=\"yoast-schema-graph\">{\"@context\":\"https:\/\/schema.org\",\"@graph\":[{\"@type\":\"WebPage\",\"@id\":\"https:\/\/lovinne.es\/index.php\/product\/lampara-mesa-lhao-chic-hexa\/\",\"url\":\"https:\/\/lovinne.es\/index.php\/product\/lampara-mesa-lhao-chic-hexa\/\",\"name\":\"L\u00c1MPARA DE MESA LHAO Chic Hexa\",\"isPartOf\":{\"@id\":\"https:\/\/lovinne.es\/#website\"},\"primaryImageOfPage\":{\"@id\":\"https:\/\/lovinne.es\/index.php\/product\/lampara-mesa-lhao-chic-hexa\/#primaryimage\"},\"image\":{\"@id\":\"https:\/\/lovinne.es\/index.php\/product\/lampara-mesa-lhao-chic-hexa\/#primaryimage\"},\"thumbnailUrl\":\"https:\/\/lovinne.es\/wp-content\/uploads\/2025\/03\/LG200004-scaled.jpg\",\"datePublished\":\"2025-03-09T12:31:48+00:00\",\"dateModified\":\"2026-02-15T09:14:08+00:00\",\"description\":\"L\u00e1mpara de mesa LHAO Chic Hexa en PLA reciclado. Dise\u00f1o geom\u00e9trico ecol\u00f3gico para escritorios, mesitas y decoraci\u00f3n minimalista.\",\"breadcrumb\":{\"@id\":\"https:\/\/lovinne.es\/index.php\/product\/lampara-mesa-lhao-chic-hexa\/#breadcrumb\"},\"inLanguage\":\"es\",\"potentialAction\":[{\"@type\":\"ReadAction\",\"target\":[\"https:\/\/lovinne.es\/index.php\/product\/lampara-mesa-lhao-chic-hexa\/\"]}]},{\"@type\":\"ImageObject\",\"inLanguage\":\"es\",\"@id\":\"https:\/\/lovinne.es\/index.php\/product\/lampara-mesa-lhao-chic-hexa\/#primaryimage\",\"url\":\"https:\/\/lovinne.es\/wp-content\/uploads\/2025\/03\/LG200004-scaled.jpg\",\"contentUrl\":\"https:\/\/lovinne.es\/wp-content\/uploads\/2025\/03\/LG200004-scaled.jpg\",\"width\":1833,\"height\":2560,\"caption\":\"lampara-lhao-chic-hexa-PLA-reciclado-lovinne\"},{\"@type\":\"BreadcrumbList\",\"@id\":\"https:\/\/lovinne.es\/index.php\/product\/lampara-mesa-lhao-chic-hexa\/#breadcrumb\",\"itemListElement\":[{\"@type\":\"ListItem\",\"position\":1,\"name\":\"Portada\",\"item\":\"https:\/\/lovinne.es\/\"},{\"@type\":\"ListItem\",\"position\":2,\"name\":\"Store\",\"item\":\"https:\/\/lovinne.es\/index.php\/store\/\"},{\"@type\":\"ListItem\",\"position\":3,\"name\":\"L\u00c1MPARA DE MESA LHAO Chic Hexa\"}]},{\"@type\":\"WebSite\",\"@id\":\"https:\/\/lovinne.es\/#website\",\"url\":\"https:\/\/lovinne.es\/\",\"name\":\"L\u00f8vinne | L\u00e1mparas de dise\u00f1o\",\"description\":\"L\u00e1mparas de dise\u00f1o\",\"publisher\":{\"@id\":\"https:\/\/lovinne.es\/#\/schema\/person\/89aab74e7ca1f06240e6035161224df0\"},\"potentialAction\":[{\"@type\":\"SearchAction\",\"target\":{\"@type\":\"EntryPoint\",\"urlTemplate\":\"https:\/\/lovinne.es\/?s={search_term_string}\"},\"query-input\":{\"@type\":\"PropertyValueSpecification\",\"valueRequired\":true,\"valueName\":\"search_term_string\"}}],\"inLanguage\":\"es\"},{\"@type\":[\"Person\",\"Organization\"],\"@id\":\"https:\/\/lovinne.es\/#\/schema\/person\/89aab74e7ca1f06240e6035161224df0\",\"name\":\"Nadia Bourlot\",\"image\":{\"@type\":\"ImageObject\",\"inLanguage\":\"es\",\"@id\":\"https:\/\/lovinne.es\/#\/schema\/person\/image\/\",\"url\":\"https:\/\/lovinne.es\/wp-content\/uploads\/2023\/03\/cropped-LOGO.png\",\"contentUrl\":\"https:\/\/lovinne.es\/wp-content\/uploads\/2023\/03\/cropped-LOGO.png\",\"width\":1578,\"height\":314,\"caption\":\"Nadia Bourlot\"},\"logo\":{\"@id\":\"https:\/\/lovinne.es\/#\/schema\/person\/image\/\"}}]}<\/script>\n<!-- \/ Yoast SEO plugin. -->","yoast_head_json":{"title":"L\u00c1MPARA DE MESA LHAO Chic Hexa","description":"L\u00e1mpara de mesa LHAO Chic Hexa en PLA reciclado. Dise\u00f1o geom\u00e9trico ecol\u00f3gico para escritorios, mesitas y decoraci\u00f3n minimalista.","robots":{"index":"index","follow":"follow","max-snippet":"max-snippet:-1","max-image-preview":"max-image-preview:large","max-video-preview":"max-video-preview:-1"},"canonical":"https:\/\/lovinne.es\/index.php\/product\/lampara-mesa-lhao-chic-hexa\/","og_locale":"es_ES","og_type":"article","og_title":"L\u00c1MPARA DE MESA LHAO Chic Hexa","og_description":"L\u00e1mpara de mesa LHAO Chic Hexa en PLA reciclado. Dise\u00f1o geom\u00e9trico ecol\u00f3gico para escritorios, mesitas y decoraci\u00f3n minimalista.","og_url":"https:\/\/lovinne.es\/index.php\/product\/lampara-mesa-lhao-chic-hexa\/","og_site_name":"Lovinne","article_modified_time":"2026-02-15T09:14:08+00:00","og_image":[{"width":1833,"height":2560,"url":"https:\/\/lovinne.es\/wp-content\/uploads\/2025\/03\/LG200004-scaled.jpg","type":"image\/jpeg"}],"twitter_card":"summary_large_image","twitter_misc":{"Tiempo de lectura":"2 minutos"},"schema":{"@context":"https:\/\/schema.org","@graph":[{"@type":"WebPage","@id":"https:\/\/lovinne.es\/index.php\/product\/lampara-mesa-lhao-chic-hexa\/","url":"https:\/\/lovinne.es\/index.php\/product\/lampara-mesa-lhao-chic-hexa\/","name":"L\u00c1MPARA DE MESA LHAO Chic Hexa","isPartOf":{"@id":"https:\/\/lovinne.es\/#website"},"primaryImageOfPage":{"@id":"https:\/\/lovinne.es\/index.php\/product\/lampara-mesa-lhao-chic-hexa\/#primaryimage"},"image":{"@id":"https:\/\/lovinne.es\/index.php\/product\/lampara-mesa-lhao-chic-hexa\/#primaryimage"},"thumbnailUrl":"https:\/\/lovinne.es\/wp-content\/uploads\/2025\/03\/LG200004-scaled.jpg","datePublished":"2025-03-09T12:31:48+00:00","dateModified":"2026-02-15T09:14:08+00:00","description":"L\u00e1mpara de mesa LHAO Chic Hexa en PLA reciclado. Dise\u00f1o geom\u00e9trico ecol\u00f3gico para escritorios, mesitas y decoraci\u00f3n minimalista.","breadcrumb":{"@id":"https:\/\/lovinne.es\/index.php\/product\/lampara-mesa-lhao-chic-hexa\/#breadcrumb"},"inLanguage":"es","potentialAction":[{"@type":"ReadAction","target":["https:\/\/lovinne.es\/index.php\/product\/lampara-mesa-lhao-chic-hexa\/"]}]},{"@type":"ImageObject","inLanguage":"es","@id":"https:\/\/lovinne.es\/index.php\/product\/lampara-mesa-lhao-chic-hexa\/#primaryimage","url":"https:\/\/lovinne.es\/wp-content\/uploads\/2025\/03\/LG200004-scaled.jpg","contentUrl":"https:\/\/lovinne.es\/wp-content\/uploads\/2025\/03\/LG200004-scaled.jpg","width":1833,"height":2560,"caption":"lampara-lhao-chic-hexa-PLA-reciclado-lovinne"},{"@type":"BreadcrumbList","@id":"https:\/\/lovinne.es\/index.php\/product\/lampara-mesa-lhao-chic-hexa\/#breadcrumb","itemListElement":[{"@type":"ListItem","position":1,"name":"Portada","item":"https:\/\/lovinne.es\/"},{"@type":"ListItem","position":2,"name":"Store","item":"https:\/\/lovinne.es\/index.php\/store\/"},{"@type":"ListItem","position":3,"name":"L\u00c1MPARA DE MESA LHAO Chic Hexa"}]},{"@type":"WebSite","@id":"https:\/\/lovinne.es\/#website","url":"https:\/\/lovinne.es\/","name":"L\u00f8vinne | L\u00e1mparas de dise\u00f1o","description":"L\u00e1mparas de dise\u00f1o","publisher":{"@id":"https:\/\/lovinne.es\/#\/schema\/person\/89aab74e7ca1f06240e6035161224df0"},"potentialAction":[{"@type":"SearchAction","target":{"@type":"EntryPoint","urlTemplate":"https:\/\/lovinne.es\/?s={search_term_string}"},"query-input":{"@type":"PropertyValueSpecification","valueRequired":true,"valueName":"search_term_string"}}],"inLanguage":"es"},{"@type":["Person","Organization"],"@id":"https:\/\/lovinne.es\/#\/schema\/person\/89aab74e7ca1f06240e6035161224df0","name":"Nadia Bourlot","image":{"@type":"ImageObject","inLanguage":"es","@id":"https:\/\/lovinne.es\/#\/schema\/person\/image\/","url":"https:\/\/lovinne.es\/wp-content\/uploads\/2023\/03\/cropped-LOGO.png","contentUrl":"https:\/\/lovinne.es\/wp-content\/uploads\/2023\/03\/cropped-LOGO.png","width":1578,"height":314,"caption":"Nadia Bourlot"},"logo":{"@id":"https:\/\/lovinne.es\/#\/schema\/person\/image\/"}}]}},"_links":{"self":[{"href":"https:\/\/lovinne.es\/index.php\/wp-json\/wp\/v2\/product\/4643","targetHints":{"allow":["GET"]}}],"collection":[{"href":"https:\/\/lovinne.es\/index.php\/wp-json\/wp\/v2\/product"}],"about":[{"href":"https:\/\/lovinne.es\/index.php\/wp-json\/wp\/v2\/types\/product"}],"version-history":[{"count":35,"href":"https:\/\/lovinne.es\/index.php\/wp-json\/wp\/v2\/product\/4643\/revisions"}],"predecessor-version":[{"id":5381,"href":"https:\/\/lovinne.es\/index.php\/wp-json\/wp\/v2\/product\/4643\/revisions\/5381"}],"wp:featuredmedia":[{"embeddable":true,"href":"https:\/\/lovinne.es\/index.php\/wp-json\/wp\/v2\/media\/4887"}],"wp:attachment":[{"href":"https:\/\/lovinne.es\/index.php\/wp-json\/wp\/v2\/media?parent=4643"}],"wp:term":[{"taxonomy":"product_brand","embeddable":true,"href":"https:\/\/lovinne.es\/index.php\/wp-json\/wp\/v2\/product_brand?post=4643"},{"taxonomy":"product_cat","embeddable":true,"href":"https:\/\/lovinne.es\/index.php\/wp-json\/wp\/v2\/product_cat?post=4643"},{"taxonomy":"product_tag","embeddable":true,"href":"https:\/\/lovinne.es\/index.php\/wp-json\/wp\/v2\/product_tag?post=4643"}],"curies":[{"name":"wp","href":"https:\/\/api.w.org\/{rel}","templated":true}]}}