{"id":4894,"date":"2025-04-07T14:19:14","date_gmt":"2025-04-07T14:19:14","guid":{"rendered":"https:\/\/lovinne.es\/?post_type=product&#038;p=4894"},"modified":"2026-02-09T18:23:37","modified_gmt":"2026-02-09T18:23:37","slug":"lampara-de-mesa-lhao-chic-japan","status":"publish","type":"product","link":"https:\/\/lovinne.es\/index.php\/product\/lampara-de-mesa-lhao-chic-japan\/","title":{"rendered":"L\u00c1MPARA DE MESA LHAO Chic Japan"},"content":{"rendered":"<table class=\"tg\">\n<thead>\n<tr>\n<td class=\"tg-5gsb\" style=\"text-align: left;\"><span style=\"color: #808080;\">Caracter\u00edsticas<\/span><\/td>\n<td class=\"tg-c6of\" style=\"text-align: left;\"><span style=\"color: #808080;\">Descripci\u00f3n del producto<\/span><\/td>\n<\/tr>\n<\/thead>\n<tbody>\n<tr>\n<td class=\"tg-5gsb\" style=\"vertical-align: top;\" width=\"400px\"><span class=\"fontstyle0\">Material: rPLA biopol\u00edmero derivado biol\u00f3gico de residuos de envases de alimentos reciclados, de acabado mate.<br \/>\nAlto Total tama\u00f1o grande: 450mm<\/span><span class=\"fontstyle0\">Alto <\/span><span style=\"font-size: 16px; font-family: inherit;\">Total tama\u00f1o peque\u00f1o: 300mm<\/span><span class=\"fontstyle0\">Di\u00e1metro mayor tama\u00f1o grande: 350mm<\/span><span class=\"fontstyle0\">Di\u00e1metro mayor tama\u00f1o peque\u00f1o: 230mm<\/span><span class=\"fontstyle0\">Cable: Textil El\u00e9ctrico Redondo carb\u00f3n en algod\u00f3n de 150 cm de longitud, color negro. Certificaci\u00f3n IMQ-HAR o UL<br \/>\nPortal\u00e1mparas: Portal\u00e1mparas termopl\u00e1stico rosca E27 color negro<br \/>\nInterruptor: interruptor de paso bipolar color negro<br \/>\nFuente de energ\u00eda: Bombilla no incluida (muy importante siempre LED)<\/span><br \/>\nUso: interior\/semicubierto<br \/>\nCuidado del producto: Limpiar y lavar con agua fr\u00eda y jab\u00f3n suave. No apto para lavavajillas. No exponer a la luz solar directa<br \/>\nPa\u00eds de fabricaci\u00f3n: Espa\u00f1a.<\/td>\n<td class=\"tg-c6of\" style=\"vertical-align: top;\">L\u00e1mpara de mesa rPLA color negro mate.<\/p>\n<p data-start=\"2205\" data-end=\"2392\">La <strong data-start=\"2208\" data-end=\"2227\">LHAO Chic Japan<\/strong> fusiona dise\u00f1o minimalista y principios wabi-sabi, con una est\u00e9tica elegante y tranquila. Ideal para ambientes zen, espacios de meditaci\u00f3n o escritorios con estilo.<\/p>\n<p data-start=\"2205\" data-end=\"2392\">Esta l\u00e1mpara est\u00e1 impresa en <strong data-start=\"2468\" data-end=\"2490\">PLA reciclado 100%<\/strong>, con acabado natural que refleja pureza y sobriedad. Producida localmente, representa una pieza bonita y responsable.<\/p>\n<p data-start=\"2205\" data-end=\"2392\">\u2714 Est\u00e9tica minimalista y serena<br data-start=\"2891\" data-end=\"2894\" \/>\u2714 Inspirada en dise\u00f1o japon\u00e9s<br data-start=\"2923\" data-end=\"2926\" \/>\u2714 Eco\u2011friendly y compacto<br data-start=\"2951\" data-end=\"2954\" \/>\u2714 Perfecta para crear un rinc\u00f3n zen<\/p>\n<p>Su base puede ser tanto de estilo Japandi con l\u00edneas curvas o l\u00edneas rectas. *Consultar L\u00e1mpara de sobremesa Lhao Chic Hexa\u00a0 <a href=\"https:\/\/lovinne.es\/index.php\/product\/lhao-chic-hexa\/\">https:\/\/lovinne.es\/index.php\/product\/lhao-chic-hexa\/<\/a><\/p>\n<p>Tenga en cuenta que cualquiera pieza puede tener peque\u00f1as irregularidades en las superficies\/patrones, derivado de la naturaleza de la impresi\u00f3n 3D. No son defectos, es una parte normal del proceso de fabricaci\u00f3n. Cada pieza esta inspeccionada al 100% antes de enviarla.<\/p>\n<p>&nbsp;<\/td>\n<\/tr>\n<\/tbody>\n<\/table>\n","protected":false},"excerpt":{"rendered":"<p>LHAO Chic Japan \u00b7 L\u00e1mpara de mesa dise\u00f1o japon\u00e9s<\/p>\n<p><span style=\"color: #000000;\"><a style=\"color: #000000;\" href=\"#tab-description\"><u>Descripci\u00f3n\u00a0<\/u><\/a><\/span><\/p>\n","protected":false},"featured_media":4899,"template":"","meta":{"site-sidebar-layout":"default","site-content-layout":"default","ast-main-header-display":"","ast-hfb-above-header-display":"","ast-hfb-below-header-display":"","ast-hfb-mobile-header-display":"","site-post-title":"","ast-breadcrumbs-content":"","ast-featured-img":"","footer-sml-layout":"","theme-transparent-header-meta":"default","adv-header-id-meta":"","stick-header-meta":"","header-above-stick-meta":"","header-main-stick-meta":"","header-below-stick-meta":""},"product_brand":[],"product_cat":[58],"product_tag":[113,98,83,92,84,91],"class_list":{"0":"post-4894","1":"product","2":"type-product","3":"status-publish","4":"has-post-thumbnail","6":"product_cat-lamparas-mesa","7":"product_tag-diseno-minimalista","8":"product_tag-diseno-y-decoracion","9":"product_tag-iluminacion","10":"product_tag-impresion-3d","11":"product_tag-lampara-de-diseno","12":"product_tag-lampara-de-impresion-3d","14":"first","15":"instock","16":"shipping-taxable","17":"purchasable","18":"product-type-variable","19":"add-to-wishlist-before_image"},"yoast_head":"<!-- This site is optimized with the Yoast SEO plugin v25.5 - https:\/\/yoast.com\/wordpress\/plugins\/seo\/ -->\n<title>L\u00c1MPARA DE MESA LHAO Chic Japan<\/title>\n<meta name=\"description\" content=\"L\u00e1mpara LHAO Chic Japan en PLA reciclado, dise\u00f1o minimalista estilizado. Perfecta para home office, rinc\u00f3n zen y decoraci\u00f3n eco consciente.\" \/>\n<meta name=\"robots\" content=\"index, follow, max-snippet:-1, max-image-preview:large, max-video-preview:-1\" \/>\n<link rel=\"canonical\" href=\"https:\/\/lovinne.es\/index.php\/product\/lampara-de-mesa-lhao-chic-japan\/\" \/>\n<meta property=\"og:locale\" content=\"es_ES\" \/>\n<meta property=\"og:type\" content=\"article\" \/>\n<meta property=\"og:title\" content=\"L\u00c1MPARA DE MESA LHAO Chic Japan\" \/>\n<meta property=\"og:description\" content=\"L\u00e1mpara LHAO Chic Japan en PLA reciclado, dise\u00f1o minimalista estilizado. Perfecta para home office, rinc\u00f3n zen y decoraci\u00f3n eco consciente.\" \/>\n<meta property=\"og:url\" content=\"https:\/\/lovinne.es\/index.php\/product\/lampara-de-mesa-lhao-chic-japan\/\" \/>\n<meta property=\"og:site_name\" content=\"Lovinne\" \/>\n<meta property=\"article:modified_time\" content=\"2026-02-09T18:23:37+00:00\" \/>\n<meta property=\"og:image\" content=\"https:\/\/lovinne.es\/wp-content\/uploads\/2025\/04\/LG209971-scaled.jpg\" \/>\n\t<meta property=\"og:image:width\" content=\"2076\" \/>\n\t<meta property=\"og:image:height\" content=\"2560\" \/>\n\t<meta property=\"og:image:type\" content=\"image\/jpeg\" \/>\n<meta name=\"twitter:card\" content=\"summary_large_image\" \/>\n<meta name=\"twitter:label1\" content=\"Tiempo de lectura\" \/>\n\t<meta name=\"twitter:data1\" content=\"2 minutos\" \/>\n<script type=\"application\/ld+json\" class=\"yoast-schema-graph\">{\"@context\":\"https:\/\/schema.org\",\"@graph\":[{\"@type\":\"WebPage\",\"@id\":\"https:\/\/lovinne.es\/index.php\/product\/lampara-de-mesa-lhao-chic-japan\/\",\"url\":\"https:\/\/lovinne.es\/index.php\/product\/lampara-de-mesa-lhao-chic-japan\/\",\"name\":\"L\u00c1MPARA DE MESA LHAO Chic Japan\",\"isPartOf\":{\"@id\":\"https:\/\/lovinne.es\/#website\"},\"primaryImageOfPage\":{\"@id\":\"https:\/\/lovinne.es\/index.php\/product\/lampara-de-mesa-lhao-chic-japan\/#primaryimage\"},\"image\":{\"@id\":\"https:\/\/lovinne.es\/index.php\/product\/lampara-de-mesa-lhao-chic-japan\/#primaryimage\"},\"thumbnailUrl\":\"https:\/\/lovinne.es\/wp-content\/uploads\/2025\/04\/LG209971-scaled.jpg\",\"datePublished\":\"2025-04-07T14:19:14+00:00\",\"dateModified\":\"2026-02-09T18:23:37+00:00\",\"description\":\"L\u00e1mpara LHAO Chic Japan en PLA reciclado, dise\u00f1o minimalista estilizado. Perfecta para home office, rinc\u00f3n zen y decoraci\u00f3n eco consciente.\",\"breadcrumb\":{\"@id\":\"https:\/\/lovinne.es\/index.php\/product\/lampara-de-mesa-lhao-chic-japan\/#breadcrumb\"},\"inLanguage\":\"es\",\"potentialAction\":[{\"@type\":\"ReadAction\",\"target\":[\"https:\/\/lovinne.es\/index.php\/product\/lampara-de-mesa-lhao-chic-japan\/\"]}]},{\"@type\":\"ImageObject\",\"inLanguage\":\"es\",\"@id\":\"https:\/\/lovinne.es\/index.php\/product\/lampara-de-mesa-lhao-chic-japan\/#primaryimage\",\"url\":\"https:\/\/lovinne.es\/wp-content\/uploads\/2025\/04\/LG209971-scaled.jpg\",\"contentUrl\":\"https:\/\/lovinne.es\/wp-content\/uploads\/2025\/04\/LG209971-scaled.jpg\",\"width\":2076,\"height\":2560,\"caption\":\"lampara-lhao-chic-japan-PLA-reciclado\"},{\"@type\":\"BreadcrumbList\",\"@id\":\"https:\/\/lovinne.es\/index.php\/product\/lampara-de-mesa-lhao-chic-japan\/#breadcrumb\",\"itemListElement\":[{\"@type\":\"ListItem\",\"position\":1,\"name\":\"Portada\",\"item\":\"https:\/\/lovinne.es\/\"},{\"@type\":\"ListItem\",\"position\":2,\"name\":\"Store\",\"item\":\"https:\/\/lovinne.es\/index.php\/store\/\"},{\"@type\":\"ListItem\",\"position\":3,\"name\":\"L\u00c1MPARA DE MESA LHAO Chic Japan\"}]},{\"@type\":\"WebSite\",\"@id\":\"https:\/\/lovinne.es\/#website\",\"url\":\"https:\/\/lovinne.es\/\",\"name\":\"L\u00f8vinne | L\u00e1mparas de dise\u00f1o\",\"description\":\"L\u00e1mparas de dise\u00f1o\",\"publisher\":{\"@id\":\"https:\/\/lovinne.es\/#\/schema\/person\/89aab74e7ca1f06240e6035161224df0\"},\"potentialAction\":[{\"@type\":\"SearchAction\",\"target\":{\"@type\":\"EntryPoint\",\"urlTemplate\":\"https:\/\/lovinne.es\/?s={search_term_string}\"},\"query-input\":{\"@type\":\"PropertyValueSpecification\",\"valueRequired\":true,\"valueName\":\"search_term_string\"}}],\"inLanguage\":\"es\"},{\"@type\":[\"Person\",\"Organization\"],\"@id\":\"https:\/\/lovinne.es\/#\/schema\/person\/89aab74e7ca1f06240e6035161224df0\",\"name\":\"Nadia Bourlot\",\"image\":{\"@type\":\"ImageObject\",\"inLanguage\":\"es\",\"@id\":\"https:\/\/lovinne.es\/#\/schema\/person\/image\/\",\"url\":\"https:\/\/lovinne.es\/wp-content\/uploads\/2023\/03\/cropped-LOGO.png\",\"contentUrl\":\"https:\/\/lovinne.es\/wp-content\/uploads\/2023\/03\/cropped-LOGO.png\",\"width\":1578,\"height\":314,\"caption\":\"Nadia Bourlot\"},\"logo\":{\"@id\":\"https:\/\/lovinne.es\/#\/schema\/person\/image\/\"}}]}<\/script>\n<!-- \/ Yoast SEO plugin. -->","yoast_head_json":{"title":"L\u00c1MPARA DE MESA LHAO Chic Japan","description":"L\u00e1mpara LHAO Chic Japan en PLA reciclado, dise\u00f1o minimalista estilizado. Perfecta para home office, rinc\u00f3n zen y decoraci\u00f3n eco consciente.","robots":{"index":"index","follow":"follow","max-snippet":"max-snippet:-1","max-image-preview":"max-image-preview:large","max-video-preview":"max-video-preview:-1"},"canonical":"https:\/\/lovinne.es\/index.php\/product\/lampara-de-mesa-lhao-chic-japan\/","og_locale":"es_ES","og_type":"article","og_title":"L\u00c1MPARA DE MESA LHAO Chic Japan","og_description":"L\u00e1mpara LHAO Chic Japan en PLA reciclado, dise\u00f1o minimalista estilizado. Perfecta para home office, rinc\u00f3n zen y decoraci\u00f3n eco consciente.","og_url":"https:\/\/lovinne.es\/index.php\/product\/lampara-de-mesa-lhao-chic-japan\/","og_site_name":"Lovinne","article_modified_time":"2026-02-09T18:23:37+00:00","og_image":[{"width":2076,"height":2560,"url":"https:\/\/lovinne.es\/wp-content\/uploads\/2025\/04\/LG209971-scaled.jpg","type":"image\/jpeg"}],"twitter_card":"summary_large_image","twitter_misc":{"Tiempo de lectura":"2 minutos"},"schema":{"@context":"https:\/\/schema.org","@graph":[{"@type":"WebPage","@id":"https:\/\/lovinne.es\/index.php\/product\/lampara-de-mesa-lhao-chic-japan\/","url":"https:\/\/lovinne.es\/index.php\/product\/lampara-de-mesa-lhao-chic-japan\/","name":"L\u00c1MPARA DE MESA LHAO Chic Japan","isPartOf":{"@id":"https:\/\/lovinne.es\/#website"},"primaryImageOfPage":{"@id":"https:\/\/lovinne.es\/index.php\/product\/lampara-de-mesa-lhao-chic-japan\/#primaryimage"},"image":{"@id":"https:\/\/lovinne.es\/index.php\/product\/lampara-de-mesa-lhao-chic-japan\/#primaryimage"},"thumbnailUrl":"https:\/\/lovinne.es\/wp-content\/uploads\/2025\/04\/LG209971-scaled.jpg","datePublished":"2025-04-07T14:19:14+00:00","dateModified":"2026-02-09T18:23:37+00:00","description":"L\u00e1mpara LHAO Chic Japan en PLA reciclado, dise\u00f1o minimalista estilizado. Perfecta para home office, rinc\u00f3n zen y decoraci\u00f3n eco consciente.","breadcrumb":{"@id":"https:\/\/lovinne.es\/index.php\/product\/lampara-de-mesa-lhao-chic-japan\/#breadcrumb"},"inLanguage":"es","potentialAction":[{"@type":"ReadAction","target":["https:\/\/lovinne.es\/index.php\/product\/lampara-de-mesa-lhao-chic-japan\/"]}]},{"@type":"ImageObject","inLanguage":"es","@id":"https:\/\/lovinne.es\/index.php\/product\/lampara-de-mesa-lhao-chic-japan\/#primaryimage","url":"https:\/\/lovinne.es\/wp-content\/uploads\/2025\/04\/LG209971-scaled.jpg","contentUrl":"https:\/\/lovinne.es\/wp-content\/uploads\/2025\/04\/LG209971-scaled.jpg","width":2076,"height":2560,"caption":"lampara-lhao-chic-japan-PLA-reciclado"},{"@type":"BreadcrumbList","@id":"https:\/\/lovinne.es\/index.php\/product\/lampara-de-mesa-lhao-chic-japan\/#breadcrumb","itemListElement":[{"@type":"ListItem","position":1,"name":"Portada","item":"https:\/\/lovinne.es\/"},{"@type":"ListItem","position":2,"name":"Store","item":"https:\/\/lovinne.es\/index.php\/store\/"},{"@type":"ListItem","position":3,"name":"L\u00c1MPARA DE MESA LHAO Chic Japan"}]},{"@type":"WebSite","@id":"https:\/\/lovinne.es\/#website","url":"https:\/\/lovinne.es\/","name":"L\u00f8vinne | L\u00e1mparas de dise\u00f1o","description":"L\u00e1mparas de dise\u00f1o","publisher":{"@id":"https:\/\/lovinne.es\/#\/schema\/person\/89aab74e7ca1f06240e6035161224df0"},"potentialAction":[{"@type":"SearchAction","target":{"@type":"EntryPoint","urlTemplate":"https:\/\/lovinne.es\/?s={search_term_string}"},"query-input":{"@type":"PropertyValueSpecification","valueRequired":true,"valueName":"search_term_string"}}],"inLanguage":"es"},{"@type":["Person","Organization"],"@id":"https:\/\/lovinne.es\/#\/schema\/person\/89aab74e7ca1f06240e6035161224df0","name":"Nadia Bourlot","image":{"@type":"ImageObject","inLanguage":"es","@id":"https:\/\/lovinne.es\/#\/schema\/person\/image\/","url":"https:\/\/lovinne.es\/wp-content\/uploads\/2023\/03\/cropped-LOGO.png","contentUrl":"https:\/\/lovinne.es\/wp-content\/uploads\/2023\/03\/cropped-LOGO.png","width":1578,"height":314,"caption":"Nadia Bourlot"},"logo":{"@id":"https:\/\/lovinne.es\/#\/schema\/person\/image\/"}}]}},"_links":{"self":[{"href":"https:\/\/lovinne.es\/index.php\/wp-json\/wp\/v2\/product\/4894","targetHints":{"allow":["GET"]}}],"collection":[{"href":"https:\/\/lovinne.es\/index.php\/wp-json\/wp\/v2\/product"}],"about":[{"href":"https:\/\/lovinne.es\/index.php\/wp-json\/wp\/v2\/types\/product"}],"version-history":[{"count":18,"href":"https:\/\/lovinne.es\/index.php\/wp-json\/wp\/v2\/product\/4894\/revisions"}],"predecessor-version":[{"id":5316,"href":"https:\/\/lovinne.es\/index.php\/wp-json\/wp\/v2\/product\/4894\/revisions\/5316"}],"wp:featuredmedia":[{"embeddable":true,"href":"https:\/\/lovinne.es\/index.php\/wp-json\/wp\/v2\/media\/4899"}],"wp:attachment":[{"href":"https:\/\/lovinne.es\/index.php\/wp-json\/wp\/v2\/media?parent=4894"}],"wp:term":[{"taxonomy":"product_brand","embeddable":true,"href":"https:\/\/lovinne.es\/index.php\/wp-json\/wp\/v2\/product_brand?post=4894"},{"taxonomy":"product_cat","embeddable":true,"href":"https:\/\/lovinne.es\/index.php\/wp-json\/wp\/v2\/product_cat?post=4894"},{"taxonomy":"product_tag","embeddable":true,"href":"https:\/\/lovinne.es\/index.php\/wp-json\/wp\/v2\/product_tag?post=4894"}],"curies":[{"name":"wp","href":"https:\/\/api.w.org\/{rel}","templated":true}]}}