{"id":4914,"date":"2025-04-07T14:38:53","date_gmt":"2025-04-07T14:38:53","guid":{"rendered":"https:\/\/lovinne.es\/?post_type=product&#038;p=4914"},"modified":"2026-02-12T09:23:15","modified_gmt":"2026-02-12T09:23:15","slug":"lampara-de-mesa-zeta","status":"publish","type":"product","link":"https:\/\/lovinne.es\/index.php\/product\/lampara-de-mesa-zeta\/","title":{"rendered":"L\u00c1MPARA DE MESA ZETA"},"content":{"rendered":"<table class=\"tg\">\n<thead>\n<tr>\n<td class=\"tg-5gsb\" style=\"text-align: left;\"><span style=\"color: #808080;\">Caracter\u00edsticas<\/span><\/td>\n<td class=\"tg-c6of\" style=\"text-align: left;\"><span style=\"color: #808080;\">Descripci\u00f3n del producto<\/span><\/td>\n<\/tr>\n<\/thead>\n<tbody>\n<tr>\n<td class=\"tg-5gsb\" style=\"vertical-align: top;\" width=\"400px\"><span class=\"fontstyle0\">Material: rPLA biopol\u00edmero derivado biol\u00f3gico de residuos de envases de alimentos reciclados, de acabado mate.<br \/>\nAlto: M:265<br \/>\nDi\u00e1metro mayor: M: 245mm<br \/>\nCable: Textil El\u00e9ctrico Redondo en algod\u00f3n de 150 cm de longitud, color negro. Certificaci\u00f3n IMQ-HAR o UL color beige\/blanco\/negro<br \/>\nPortal\u00e1mparas: Portal\u00e1mparas termopl\u00e1stico E27 color blanco\/negro<br \/>\nInterruptor: interruptor de paso bipolar color blanco\/negro<br \/>\nFuente de energ\u00eda: Bombilla no incluida, siempre led\u00a0<\/span><br \/>\nUso: interior\/semicubierto<br \/>\nCuidado del producto: Limpiar y lavar con agua fr\u00eda y jab\u00f3n suave. No apto para lavavajillas. No exponer a la luz solar directa<br \/>\nPa\u00eds de fabricaci\u00f3n: Espa\u00f1a.<\/td>\n<td class=\"tg-c6of\" style=\"vertical-align: top;\">Su estructura curvada y fluida no solo es un reflejo de las tendencias en dise\u00f1o, sino tambi\u00e9n una pieza de conversaci\u00f3n que resalta en cualquier ambiente y evoca la naturaleza en su totalidad. Su forma org\u00e1nica inspirada en una seta crea una atm\u00f3sfera muy acogedora y sofisticada en cualquier espacio.<\/p>\n<p>Zeta crea una iluminaci\u00f3n suave y envolvente, a la vez que act\u00faa como un elemento decorativo que realza la est\u00e9tica de tu hogar.<\/p>\n<p><span style=\"font-family: inherit;\">Fabricada a partir de filamentos de PLA 100% reciclado y biocompostable. En la impresi\u00f3n 3d durante el proceso de fabricaci\u00f3n se producen residuos de materiales; gracias a la reutilizaci\u00f3n de dichos residuos se puede convertir otra variante de filamento 100% biocompostable, sin perder calidad y con una opci\u00f3n m\u00e1s ecol\u00f3gica. Una vez terminada la vida \u00fatil de la l\u00e1mpara, se puede utilizar una m\u00e1quina de extrusi\u00f3n de pl\u00e1stico para triturar los <\/span>pol\u00edmeros<span style=\"font-family: inherit;\"> y elaborar nuevamente otro filamento.<\/span><\/p>\n<p>Tenga en cuenta que cualquiera pieza puede tener peque\u00f1as irregularidades en las superficies\/patrones, derivado de la naturaleza de la impresi\u00f3n 3D. No son defectos, es una parte normal del proceso de fabricaci\u00f3n. Cada pieza esta inspeccionada al 100% antes de enviarla.<\/p>\n<p>&nbsp;<\/td>\n<\/tr>\n<\/tbody>\n<\/table>\n","protected":false},"excerpt":{"rendered":"<p>L\u00e1mpara de mesa rPLA color blanco mate.<\/p>\n<p><span style=\"color: #000000;\"><a style=\"color: #000000;\" href=\"#tab-description\"><u>Descripci\u00f3n<\/u><\/a><\/span><\/p>\n","protected":false},"featured_media":4920,"template":"","meta":{"site-sidebar-layout":"default","site-content-layout":"default","ast-main-header-display":"","ast-hfb-above-header-display":"","ast-hfb-below-header-display":"","ast-hfb-mobile-header-display":"","site-post-title":"","ast-breadcrumbs-content":"","ast-featured-img":"","footer-sml-layout":"","theme-transparent-header-meta":"default","adv-header-id-meta":"","stick-header-meta":"","header-above-stick-meta":"","header-main-stick-meta":"","header-below-stick-meta":""},"product_brand":[],"product_cat":[58],"product_tag":[106,101,98,83,92,84,91],"class_list":{"0":"post-4914","1":"product","2":"type-product","3":"status-publish","4":"has-post-thumbnail","6":"product_cat-lamparas-mesa","7":"product_tag-barcelona","8":"product_tag-deco-del-hogar","9":"product_tag-diseno-y-decoracion","10":"product_tag-iluminacion","11":"product_tag-impresion-3d","12":"product_tag-lampara-de-diseno","13":"product_tag-lampara-de-impresion-3d","15":"first","16":"instock","17":"shipping-taxable","18":"purchasable","19":"product-type-variable","20":"add-to-wishlist-before_image"},"yoast_head":"<!-- This site is optimized with the Yoast SEO plugin v25.5 - https:\/\/yoast.com\/wordpress\/plugins\/seo\/ -->\n<title>L\u00c1MPARA DE MESA ZETA<\/title>\n<meta name=\"description\" content=\"Descubre Zeta, de forma org\u00e1nica inspirada en una seta, crea una atm\u00f3sfera acogedora y sofisticada en cualquier espacio. Interiorismo moderno\" \/>\n<meta name=\"robots\" content=\"index, follow, max-snippet:-1, max-image-preview:large, max-video-preview:-1\" \/>\n<link rel=\"canonical\" href=\"https:\/\/lovinne.es\/index.php\/product\/lampara-de-mesa-zeta\/\" \/>\n<meta property=\"og:locale\" content=\"es_ES\" \/>\n<meta property=\"og:type\" content=\"article\" \/>\n<meta property=\"og:title\" content=\"L\u00c1MPARA DE MESA ZETA\" \/>\n<meta property=\"og:description\" content=\"Descubre Zeta, de forma org\u00e1nica inspirada en una seta, crea una atm\u00f3sfera acogedora y sofisticada en cualquier espacio. Interiorismo moderno\" \/>\n<meta property=\"og:url\" content=\"https:\/\/lovinne.es\/index.php\/product\/lampara-de-mesa-zeta\/\" \/>\n<meta property=\"og:site_name\" content=\"Lovinne\" \/>\n<meta property=\"article:modified_time\" content=\"2026-02-12T09:23:15+00:00\" \/>\n<meta property=\"og:image\" content=\"https:\/\/lovinne.es\/wp-content\/uploads\/2025\/04\/LG200156-scaled.jpg\" \/>\n\t<meta property=\"og:image:width\" content=\"1747\" \/>\n\t<meta property=\"og:image:height\" content=\"2560\" \/>\n\t<meta property=\"og:image:type\" content=\"image\/jpeg\" \/>\n<meta name=\"twitter:card\" content=\"summary_large_image\" \/>\n<meta name=\"twitter:label1\" content=\"Tiempo de lectura\" \/>\n\t<meta name=\"twitter:data1\" content=\"2 minutos\" \/>\n<script type=\"application\/ld+json\" class=\"yoast-schema-graph\">{\"@context\":\"https:\/\/schema.org\",\"@graph\":[{\"@type\":\"WebPage\",\"@id\":\"https:\/\/lovinne.es\/index.php\/product\/lampara-de-mesa-zeta\/\",\"url\":\"https:\/\/lovinne.es\/index.php\/product\/lampara-de-mesa-zeta\/\",\"name\":\"L\u00c1MPARA DE MESA ZETA\",\"isPartOf\":{\"@id\":\"https:\/\/lovinne.es\/#website\"},\"primaryImageOfPage\":{\"@id\":\"https:\/\/lovinne.es\/index.php\/product\/lampara-de-mesa-zeta\/#primaryimage\"},\"image\":{\"@id\":\"https:\/\/lovinne.es\/index.php\/product\/lampara-de-mesa-zeta\/#primaryimage\"},\"thumbnailUrl\":\"https:\/\/lovinne.es\/wp-content\/uploads\/2025\/04\/LG200156-scaled.jpg\",\"datePublished\":\"2025-04-07T14:38:53+00:00\",\"dateModified\":\"2026-02-12T09:23:15+00:00\",\"description\":\"Descubre Zeta, de forma org\u00e1nica inspirada en una seta, crea una atm\u00f3sfera acogedora y sofisticada en cualquier espacio. Interiorismo moderno\",\"breadcrumb\":{\"@id\":\"https:\/\/lovinne.es\/index.php\/product\/lampara-de-mesa-zeta\/#breadcrumb\"},\"inLanguage\":\"es\",\"potentialAction\":[{\"@type\":\"ReadAction\",\"target\":[\"https:\/\/lovinne.es\/index.php\/product\/lampara-de-mesa-zeta\/\"]}]},{\"@type\":\"ImageObject\",\"inLanguage\":\"es\",\"@id\":\"https:\/\/lovinne.es\/index.php\/product\/lampara-de-mesa-zeta\/#primaryimage\",\"url\":\"https:\/\/lovinne.es\/wp-content\/uploads\/2025\/04\/LG200156-scaled.jpg\",\"contentUrl\":\"https:\/\/lovinne.es\/wp-content\/uploads\/2025\/04\/LG200156-scaled.jpg\",\"width\":1747,\"height\":2560,\"caption\":\"L\u00e1mpara de mesa impresa 3d rPLA_aira\"},{\"@type\":\"BreadcrumbList\",\"@id\":\"https:\/\/lovinne.es\/index.php\/product\/lampara-de-mesa-zeta\/#breadcrumb\",\"itemListElement\":[{\"@type\":\"ListItem\",\"position\":1,\"name\":\"Portada\",\"item\":\"https:\/\/lovinne.es\/\"},{\"@type\":\"ListItem\",\"position\":2,\"name\":\"Store\",\"item\":\"https:\/\/lovinne.es\/index.php\/store\/\"},{\"@type\":\"ListItem\",\"position\":3,\"name\":\"L\u00c1MPARA DE MESA ZETA\"}]},{\"@type\":\"WebSite\",\"@id\":\"https:\/\/lovinne.es\/#website\",\"url\":\"https:\/\/lovinne.es\/\",\"name\":\"L\u00f8vinne | L\u00e1mparas de dise\u00f1o\",\"description\":\"L\u00e1mparas de dise\u00f1o\",\"publisher\":{\"@id\":\"https:\/\/lovinne.es\/#\/schema\/person\/89aab74e7ca1f06240e6035161224df0\"},\"potentialAction\":[{\"@type\":\"SearchAction\",\"target\":{\"@type\":\"EntryPoint\",\"urlTemplate\":\"https:\/\/lovinne.es\/?s={search_term_string}\"},\"query-input\":{\"@type\":\"PropertyValueSpecification\",\"valueRequired\":true,\"valueName\":\"search_term_string\"}}],\"inLanguage\":\"es\"},{\"@type\":[\"Person\",\"Organization\"],\"@id\":\"https:\/\/lovinne.es\/#\/schema\/person\/89aab74e7ca1f06240e6035161224df0\",\"name\":\"Nadia Bourlot\",\"image\":{\"@type\":\"ImageObject\",\"inLanguage\":\"es\",\"@id\":\"https:\/\/lovinne.es\/#\/schema\/person\/image\/\",\"url\":\"https:\/\/lovinne.es\/wp-content\/uploads\/2023\/03\/cropped-LOGO.png\",\"contentUrl\":\"https:\/\/lovinne.es\/wp-content\/uploads\/2023\/03\/cropped-LOGO.png\",\"width\":1578,\"height\":314,\"caption\":\"Nadia Bourlot\"},\"logo\":{\"@id\":\"https:\/\/lovinne.es\/#\/schema\/person\/image\/\"}}]}<\/script>\n<!-- \/ Yoast SEO plugin. -->","yoast_head_json":{"title":"L\u00c1MPARA DE MESA ZETA","description":"Descubre Zeta, de forma org\u00e1nica inspirada en una seta, crea una atm\u00f3sfera acogedora y sofisticada en cualquier espacio. Interiorismo moderno","robots":{"index":"index","follow":"follow","max-snippet":"max-snippet:-1","max-image-preview":"max-image-preview:large","max-video-preview":"max-video-preview:-1"},"canonical":"https:\/\/lovinne.es\/index.php\/product\/lampara-de-mesa-zeta\/","og_locale":"es_ES","og_type":"article","og_title":"L\u00c1MPARA DE MESA ZETA","og_description":"Descubre Zeta, de forma org\u00e1nica inspirada en una seta, crea una atm\u00f3sfera acogedora y sofisticada en cualquier espacio. Interiorismo moderno","og_url":"https:\/\/lovinne.es\/index.php\/product\/lampara-de-mesa-zeta\/","og_site_name":"Lovinne","article_modified_time":"2026-02-12T09:23:15+00:00","og_image":[{"width":1747,"height":2560,"url":"https:\/\/lovinne.es\/wp-content\/uploads\/2025\/04\/LG200156-scaled.jpg","type":"image\/jpeg"}],"twitter_card":"summary_large_image","twitter_misc":{"Tiempo de lectura":"2 minutos"},"schema":{"@context":"https:\/\/schema.org","@graph":[{"@type":"WebPage","@id":"https:\/\/lovinne.es\/index.php\/product\/lampara-de-mesa-zeta\/","url":"https:\/\/lovinne.es\/index.php\/product\/lampara-de-mesa-zeta\/","name":"L\u00c1MPARA DE MESA ZETA","isPartOf":{"@id":"https:\/\/lovinne.es\/#website"},"primaryImageOfPage":{"@id":"https:\/\/lovinne.es\/index.php\/product\/lampara-de-mesa-zeta\/#primaryimage"},"image":{"@id":"https:\/\/lovinne.es\/index.php\/product\/lampara-de-mesa-zeta\/#primaryimage"},"thumbnailUrl":"https:\/\/lovinne.es\/wp-content\/uploads\/2025\/04\/LG200156-scaled.jpg","datePublished":"2025-04-07T14:38:53+00:00","dateModified":"2026-02-12T09:23:15+00:00","description":"Descubre Zeta, de forma org\u00e1nica inspirada en una seta, crea una atm\u00f3sfera acogedora y sofisticada en cualquier espacio. Interiorismo moderno","breadcrumb":{"@id":"https:\/\/lovinne.es\/index.php\/product\/lampara-de-mesa-zeta\/#breadcrumb"},"inLanguage":"es","potentialAction":[{"@type":"ReadAction","target":["https:\/\/lovinne.es\/index.php\/product\/lampara-de-mesa-zeta\/"]}]},{"@type":"ImageObject","inLanguage":"es","@id":"https:\/\/lovinne.es\/index.php\/product\/lampara-de-mesa-zeta\/#primaryimage","url":"https:\/\/lovinne.es\/wp-content\/uploads\/2025\/04\/LG200156-scaled.jpg","contentUrl":"https:\/\/lovinne.es\/wp-content\/uploads\/2025\/04\/LG200156-scaled.jpg","width":1747,"height":2560,"caption":"L\u00e1mpara de mesa impresa 3d rPLA_aira"},{"@type":"BreadcrumbList","@id":"https:\/\/lovinne.es\/index.php\/product\/lampara-de-mesa-zeta\/#breadcrumb","itemListElement":[{"@type":"ListItem","position":1,"name":"Portada","item":"https:\/\/lovinne.es\/"},{"@type":"ListItem","position":2,"name":"Store","item":"https:\/\/lovinne.es\/index.php\/store\/"},{"@type":"ListItem","position":3,"name":"L\u00c1MPARA DE MESA ZETA"}]},{"@type":"WebSite","@id":"https:\/\/lovinne.es\/#website","url":"https:\/\/lovinne.es\/","name":"L\u00f8vinne | L\u00e1mparas de dise\u00f1o","description":"L\u00e1mparas de dise\u00f1o","publisher":{"@id":"https:\/\/lovinne.es\/#\/schema\/person\/89aab74e7ca1f06240e6035161224df0"},"potentialAction":[{"@type":"SearchAction","target":{"@type":"EntryPoint","urlTemplate":"https:\/\/lovinne.es\/?s={search_term_string}"},"query-input":{"@type":"PropertyValueSpecification","valueRequired":true,"valueName":"search_term_string"}}],"inLanguage":"es"},{"@type":["Person","Organization"],"@id":"https:\/\/lovinne.es\/#\/schema\/person\/89aab74e7ca1f06240e6035161224df0","name":"Nadia Bourlot","image":{"@type":"ImageObject","inLanguage":"es","@id":"https:\/\/lovinne.es\/#\/schema\/person\/image\/","url":"https:\/\/lovinne.es\/wp-content\/uploads\/2023\/03\/cropped-LOGO.png","contentUrl":"https:\/\/lovinne.es\/wp-content\/uploads\/2023\/03\/cropped-LOGO.png","width":1578,"height":314,"caption":"Nadia Bourlot"},"logo":{"@id":"https:\/\/lovinne.es\/#\/schema\/person\/image\/"}}]}},"_links":{"self":[{"href":"https:\/\/lovinne.es\/index.php\/wp-json\/wp\/v2\/product\/4914","targetHints":{"allow":["GET"]}}],"collection":[{"href":"https:\/\/lovinne.es\/index.php\/wp-json\/wp\/v2\/product"}],"about":[{"href":"https:\/\/lovinne.es\/index.php\/wp-json\/wp\/v2\/types\/product"}],"version-history":[{"count":7,"href":"https:\/\/lovinne.es\/index.php\/wp-json\/wp\/v2\/product\/4914\/revisions"}],"predecessor-version":[{"id":5280,"href":"https:\/\/lovinne.es\/index.php\/wp-json\/wp\/v2\/product\/4914\/revisions\/5280"}],"wp:featuredmedia":[{"embeddable":true,"href":"https:\/\/lovinne.es\/index.php\/wp-json\/wp\/v2\/media\/4920"}],"wp:attachment":[{"href":"https:\/\/lovinne.es\/index.php\/wp-json\/wp\/v2\/media?parent=4914"}],"wp:term":[{"taxonomy":"product_brand","embeddable":true,"href":"https:\/\/lovinne.es\/index.php\/wp-json\/wp\/v2\/product_brand?post=4914"},{"taxonomy":"product_cat","embeddable":true,"href":"https:\/\/lovinne.es\/index.php\/wp-json\/wp\/v2\/product_cat?post=4914"},{"taxonomy":"product_tag","embeddable":true,"href":"https:\/\/lovinne.es\/index.php\/wp-json\/wp\/v2\/product_tag?post=4914"}],"curies":[{"name":"wp","href":"https:\/\/api.w.org\/{rel}","templated":true}]}}